{"id":15,"date":"2024-01-15T23:15:31","date_gmt":"2024-01-15T22:15:31","guid":{"rendered":"https:\/\/fonds-mss.fr\/?page_id=15"},"modified":"2025-10-28T11:53:41","modified_gmt":"2025-10-28T10:53:41","slug":"mentions-legales","status":"publish","type":"page","link":"https:\/\/fonds-mss.fr\/index.php\/mentions-legales\/","title":{"rendered":"Mentions l\u00e9gales"},"content":{"rendered":"\t\t<div data-elementor-type=\"wp-page\" data-elementor-id=\"15\" class=\"elementor elementor-15\" data-elementor-post-type=\"page\">\n\t\t\t\t<div class=\"elementor-element elementor-element-0134276 e-flex e-con-boxed e-con e-parent\" data-id=\"0134276\" data-element_type=\"container\" data-e-type=\"container\">\n\t\t\t\t\t<div class=\"e-con-inner\">\n\t\t\t\t<div class=\"elementor-element elementor-element-3056585 elementor-widget elementor-widget-spacer\" data-id=\"3056585\" data-element_type=\"widget\" data-e-type=\"widget\" data-widget_type=\"spacer.default\">\n\t\t\t\t<div class=\"elementor-widget-container\">\n\t\t\t\t\t\t\t<div class=\"elementor-spacer\">\n\t\t\t<div class=\"elementor-spacer-inner\"><\/div>\n\t\t<\/div>\n\t\t\t\t\t\t<\/div>\n\t\t\t\t<\/div>\n\t\t\t\t\t<\/div>\n\t\t\t\t<\/div>\n\t\t<div class=\"elementor-element elementor-element-a490c91 e-flex e-con-boxed e-con e-parent\" data-id=\"a490c91\" data-element_type=\"container\" data-e-type=\"container\">\n\t\t\t\t\t<div class=\"e-con-inner\">\n\t\t\t\t<div class=\"elementor-element elementor-element-39a869b elementor-widget elementor-widget-heading\" data-id=\"39a869b\" data-element_type=\"widget\" data-e-type=\"widget\" data-widget_type=\"heading.default\">\n\t\t\t\t<div class=\"elementor-widget-container\">\n\t\t\t\t\t<h1 class=\"elementor-heading-title elementor-size-default\">Mentions l\u00e9gales<\/h1>\t\t\t\t<\/div>\n\t\t\t\t<\/div>\n\t\t\t\t\t<\/div>\n\t\t\t\t<\/div>\n\t\t<div class=\"elementor-element elementor-element-22bf636 e-flex e-con-boxed e-con e-parent\" data-id=\"22bf636\" data-element_type=\"container\" data-e-type=\"container\">\n\t\t\t\t\t<div class=\"e-con-inner\">\n\t\t<div class=\"elementor-element elementor-element-6418dea e-con-full e-flex e-con e-child\" data-id=\"6418dea\" data-element_type=\"container\" data-e-type=\"container\">\n\t\t\t\t<div class=\"elementor-element elementor-element-3924944 elementor-widget elementor-widget-heading\" data-id=\"3924944\" data-element_type=\"widget\" data-e-type=\"widget\" data-widget_type=\"heading.default\">\n\t\t\t\t<div class=\"elementor-widget-container\">\n\t\t\t\t\t<h2 class=\"elementor-heading-title elementor-size-default\">Informations \u00e9diteur\u00a0<\/h2>\t\t\t\t<\/div>\n\t\t\t\t<\/div>\n\t\t\t\t<div class=\"elementor-element elementor-element-a1894b0 elementor-widget elementor-widget-text-editor\" data-id=\"a1894b0\" data-element_type=\"widget\" data-e-type=\"widget\" data-widget_type=\"text-editor.default\">\n\t\t\t\t<div class=\"elementor-widget-container\">\n\t\t\t\t\t\t\t\t\t<p>Ce site web est la propri\u00e9t\u00e9 du Fonds de dotation mutualiste pour la sant\u00e9 et la solidarit\u00e9<\/p>\n<p>Si\u00e8ge : 226, cours de la Lib\u00e9ration, CS 90226, 38069 Grenoble Cedex 2<\/p>\n<p>Courriel : contact@fonds-mss.fr<\/p>\n<p>Directeur de publication : Ludovic CANON, Pr\u00e9sident du Fonds de dotation mutualiste pour la sant\u00e9 et la solidarit\u00e9<\/p>\t\t\t\t\t\t\t\t<\/div>\n\t\t\t\t<\/div>\n\t\t\t\t<div class=\"elementor-element elementor-element-416efe1 elementor-widget elementor-widget-heading\" data-id=\"416efe1\" data-element_type=\"widget\" data-e-type=\"widget\" data-widget_type=\"heading.default\">\n\t\t\t\t<div class=\"elementor-widget-container\">\n\t\t\t\t\t<h2 class=\"elementor-heading-title elementor-size-default\">Informations h\u00e9bergeur<\/h2>\t\t\t\t<\/div>\n\t\t\t\t<\/div>\n\t\t\t\t<div class=\"elementor-element elementor-element-28ac591 elementor-widget elementor-widget-text-editor\" data-id=\"28ac591\" data-element_type=\"widget\" data-e-type=\"widget\" data-widget_type=\"text-editor.default\">\n\t\t\t\t<div class=\"elementor-widget-container\">\n\t\t\t\t\t\t\t\t\t<p>OVH<\/p><p>\u00a02 rue kellermann BP 80157 59053 ROUBAIX CEDEX 1 &#8211; France<\/p><p>SIREN : 424 761 419<\/p><p>T\u00e9l\u00e9phone : +33 9 72 10 10 07<\/p><p>Email : cil@ovh.net<\/p>\t\t\t\t\t\t\t\t<\/div>\n\t\t\t\t<\/div>\n\t\t\t\t<div class=\"elementor-element elementor-element-a673613 elementor-widget elementor-widget-heading\" data-id=\"a673613\" data-element_type=\"widget\" data-e-type=\"widget\" data-widget_type=\"heading.default\">\n\t\t\t\t<div class=\"elementor-widget-container\">\n\t\t\t\t\t<h2 class=\"elementor-heading-title elementor-size-default\">Propri\u00e9t\u00e9 intellectuelle <\/h2>\t\t\t\t<\/div>\n\t\t\t\t<\/div>\n\t\t\t\t<div class=\"elementor-element elementor-element-035acd3 elementor-widget elementor-widget-text-editor\" data-id=\"035acd3\" data-element_type=\"widget\" data-e-type=\"widget\" data-widget_type=\"text-editor.default\">\n\t\t\t\t<div class=\"elementor-widget-container\">\n\t\t\t\t\t\t\t\t\t<p>Le pr\u00e9sent site constitue une \u0153uvre dont le Fonds de dotation mutualiste pour la sant\u00e9 et la solidarit\u00e9 est l\u2019auteur au sens des articles L. 111.1 et suivants du Code de la propri\u00e9t\u00e9 intellectuelle. Toute reproduction, toute repr\u00e9sentation totale ou partielle, toute utilisation, toute adaptation, toute mise \u00e0 disposition ou modification de ses \u00e9l\u00e9ments par quelque proc\u00e9d\u00e9 que ce soit, sans l\u2019autorisation expresse du Fonds de dotation mutualiste pour la sant\u00e9 et la solidarit\u00e9, des \u00e9ventuels auteurs ou de leurs ayant droits est strictement interdite et constitue un d\u00e9lit de contrefa\u00e7on.<\/p><p>Les photographies, textes, slogans, dessins, images, s\u00e9quences anim\u00e9es sonores ou non ainsi que toutes \u0153uvres int\u00e9gr\u00e9s dans le site sont la propri\u00e9t\u00e9 du Fonds de dotation mutualiste pour la sant\u00e9 et la solidarit\u00e9\u00a0 ou de tiers l&rsquo;ayant autoris\u00e9 \u00e0 les utiliser.\u00a0<\/p><p>L\u2019utilisation des images ou photographies est interdite sans autorisation sp\u00e9cifique et expresse du Fonds de dotation mutualiste pour la sant\u00e9 et la solidarit\u00e9 ou du tiers d\u00e9tenteur des droits. Les logos, ic\u00f4nes et puces graphiques repr\u00e9sent\u00e9s sur le site sont prot\u00e9g\u00e9s au titre des droits d\u2019auteur. Aucun droit ou licence ne saurait \u00eatre attribu\u00e9 sur l\u2019un de ces \u00e9l\u00e9ments sans l\u2019autorisation \u00e9crite du Fonds de dotation mutualiste pour la sant\u00e9 et la solidarit\u00e9 ou du tiers d\u00e9tenteur des droits.\u00a0<\/p><p><strong>Cr\u00e9dits photographiques<\/strong><\/p><p><span style=\"font-size: 16px; font-style: normal; font-weight: 400;\">Les cr\u00e9dits photographiques de chaque image sont consultables \u00e0 partir de la visionneuse en un clic.\u00a0<\/span>Certaines images publi\u00e9es sur ce site sont sous licence de contenu Pixabay.\u00a0<\/p><p>\u00a9Megan Rexazin Conde, image sous licence de contenu Pixabay<\/p><p>\u00a9Lola Anamon, image sous licence de contenu Pixabay<\/p><p>\u00a9YuDae Song, image sous licence de contenu Pixabay<\/p><p>\u00a9Rosy, image sous licence de contenu Pixabay<\/p><p>\u00a9Joshua Choate, image sous licence de contenu Pixabay<\/p>\t\t\t\t\t\t\t\t<\/div>\n\t\t\t\t<\/div>\n\t\t\t\t<div class=\"elementor-element elementor-element-57dc066 elementor-widget elementor-widget-heading\" data-id=\"57dc066\" data-element_type=\"widget\" data-e-type=\"widget\" data-widget_type=\"heading.default\">\n\t\t\t\t<div class=\"elementor-widget-container\">\n\t\t\t\t\t<h2 class=\"elementor-heading-title elementor-size-default\">Donn\u00e9es \u00e0 caract\u00e8re personnel<\/h2>\t\t\t\t<\/div>\n\t\t\t\t<\/div>\n\t\t\t\t<div class=\"elementor-element elementor-element-412759a elementor-widget elementor-widget-text-editor\" data-id=\"412759a\" data-element_type=\"widget\" data-e-type=\"widget\" data-widget_type=\"text-editor.default\">\n\t\t\t\t<div class=\"elementor-widget-container\">\n\t\t\t\t\t\t\t\t\t<p>Le Fonds de dotation mutualiste pour la sant\u00e9 et la solidarit\u00e9 est amen\u00e9 \u00e0 <span style=\"font-style: inherit; font-weight: inherit; text-align: var(--text-align); background-color: var(--ast-global-color-5); color: var(--ast-global-color-3);\">utiliser, collecter, conserver ou effectuer tout autre traitement de donn\u00e9es \u00e0 caract\u00e8re personnel vous concernant afin d&rsquo;instruire les appels \u00e0 projets, analyser les d\u00e9p\u00f4ts de demandes financi\u00e8res ou de r\u00e9pondre \u00e0 toute demande lui \u00e9tant faite. Les donn\u00e9es enregistr\u00e9es sont r\u00e9serv\u00e9es \u00e0 l\u2019usage du Fonds de dotation mutualiste pour la sant\u00e9 et la solidarit\u00e9. Ces donn\u00e9es seront conserv\u00e9es pendant une dur\u00e9e de 3 ans \u00e0 compter de leur collecte.<\/span><\/p>\n<p>Conform\u00e9ment \u00e0 la loi du 6 janvier 1978 modifi\u00e9e dite \u00ab Informatique et Libert\u00e9s \u00bb et au r\u00e8glement europ\u00e9en 2016\/679 du 27 avril 2016 dit \u00ab R\u00e8glement G\u00e9n\u00e9ral sur la Protection des Donn\u00e9es \u00bb, vous disposez d\u2019un droit d\u2019acc\u00e8s, de rectification, de modification et de suppression des donn\u00e9es vous concernant. Vous pouvez ainsi exiger que ces donn\u00e9es soient rectifi\u00e9es, compl\u00e9t\u00e9es, clarifi\u00e9es, mises \u00e0 jour ou effac\u00e9es. Vous pouvez \u00e9galement exercer vos droits d\u2019opposition et de limitation du traitement de vos donn\u00e9es ainsi que votre droit \u00e0 la portabilit\u00e9 des informations vous concernant.<\/p>\n<p>Afin d\u2019exercer vos droits, vous pouvez adresser une demande par courrier \u00e0 l\u2019adresse suivante contact@fonds-mss.fr.&nbsp; Vous disposez enfin d\u2019un droit de recours aupr\u00e8s d\u2019une autorit\u00e9 nationale de contr\u00f4le telle que la Commission Nationale de l\u2019Informatique et des libert\u00e9s en cas de violation de la r\u00e9glementation applicable en mati\u00e8re de protection des donn\u00e9es personnelles.<\/p>\t\t\t\t\t\t\t\t<\/div>\n\t\t\t\t<\/div>\n\t\t\t\t<div class=\"elementor-element elementor-element-22ce8c7 elementor-widget elementor-widget-heading\" data-id=\"22ce8c7\" data-element_type=\"widget\" data-e-type=\"widget\" data-widget_type=\"heading.default\">\n\t\t\t\t<div class=\"elementor-widget-container\">\n\t\t\t\t\t<h2 class=\"elementor-heading-title elementor-size-default\">Cookies <\/h2>\t\t\t\t<\/div>\n\t\t\t\t<\/div>\n\t\t\t\t<div class=\"elementor-element elementor-element-de4e4df elementor-widget elementor-widget-text-editor\" data-id=\"de4e4df\" data-element_type=\"widget\" data-e-type=\"widget\" data-widget_type=\"text-editor.default\">\n\t\t\t\t<div class=\"elementor-widget-container\">\n\t\t\t\t\t\t\t\t\t<p><a href=\"https:\/\/fonds-mss.fr\/index.php\/politique-de-cookies-ue\/\">Consultez notre politique de\u00a0 cookies.\u00a0<\/a><\/p>\t\t\t\t\t\t\t\t<\/div>\n\t\t\t\t<\/div>\n\t\t\t\t<\/div>\n\t\t\t\t\t<\/div>\n\t\t\t\t<\/div>\n\t\t<div class=\"elementor-element elementor-element-b1d090e e-flex e-con-boxed e-con e-parent\" data-id=\"b1d090e\" data-element_type=\"container\" data-e-type=\"container\">\n\t\t\t\t\t<div class=\"e-con-inner\">\n\t\t\t\t\t<\/div>\n\t\t\t\t<\/div>\n\t\t\t\t<\/div>\n\t\t","protected":false},"excerpt":{"rendered":"<p>Mentions l\u00e9gales Informations \u00e9diteur\u00a0 Ce site web est la propri\u00e9t\u00e9 du Fonds de dotation mutualiste pour la sant\u00e9 et la [&hellip;]<\/p>\n","protected":false},"author":1,"featured_media":0,"parent":0,"menu_order":0,"comment_status":"closed","ping_status":"closed","template":"","meta":{"om_disable_all_campaigns":false,"site-sidebar-layout":"no-sidebar","site-content-layout":"","ast-site-content-layout":"full-width-container","site-content-style":"default","site-sidebar-style":"default","ast-global-header-display":"","ast-banner-title-visibility":"","ast-main-header-display":"","ast-hfb-above-header-display":"","ast-hfb-below-header-display":"","ast-hfb-mobile-header-display":"","site-post-title":"disabled","ast-breadcrumbs-content":"","ast-featured-img":"disabled","footer-sml-layout":"","theme-transparent-header-meta":"","adv-header-id-meta":"","stick-header-meta":"","header-above-stick-meta":"","header-main-stick-meta":"","header-below-stick-meta":"","astra-migrate-meta-layouts":"default","ast-page-background-enabled":"default","ast-page-background-meta":{"desktop":{"background-color":"var(--ast-global-color-4)","background-image":"","background-repeat":"repeat","background-position":"center center","background-size":"auto","background-attachment":"scroll","background-type":"","background-media":"","overlay-type":"","overlay-color":"","overlay-gradient":""},"tablet":{"background-color":"","background-image":"","background-repeat":"repeat","background-position":"center center","background-size":"auto","background-attachment":"scroll","background-type":"","background-media":"","overlay-type":"","overlay-color":"","overlay-gradient":""},"mobile":{"background-color":"","background-image":"","background-repeat":"repeat","background-position":"center center","background-size":"auto","background-attachment":"scroll","background-type":"","background-media":"","overlay-type":"","overlay-color":"","overlay-gradient":""}},"ast-content-background-meta":{"desktop":{"background-color":"var(--ast-global-color-5)","background-image":"","background-repeat":"repeat","background-position":"center center","background-size":"auto","background-attachment":"scroll","background-type":"","background-media":"","overlay-type":"","overlay-color":"","overlay-gradient":""},"tablet":{"background-color":"var(--ast-global-color-5)","background-image":"","background-repeat":"repeat","background-position":"center center","background-size":"auto","background-attachment":"scroll","background-type":"","background-media":"","overlay-type":"","overlay-color":"","overlay-gradient":""},"mobile":{"background-color":"var(--ast-global-color-5)","background-image":"","background-repeat":"repeat","background-position":"center center","background-size":"auto","background-attachment":"scroll","background-type":"","background-media":"","overlay-type":"","overlay-color":"","overlay-gradient":""}},"footnotes":""},"class_list":["post-15","page","type-page","status-publish","hentry"],"aioseo_notices":[],"_links":{"self":[{"href":"https:\/\/fonds-mss.fr\/index.php\/wp-json\/wp\/v2\/pages\/15","targetHints":{"allow":["GET"]}}],"collection":[{"href":"https:\/\/fonds-mss.fr\/index.php\/wp-json\/wp\/v2\/pages"}],"about":[{"href":"https:\/\/fonds-mss.fr\/index.php\/wp-json\/wp\/v2\/types\/page"}],"author":[{"embeddable":true,"href":"https:\/\/fonds-mss.fr\/index.php\/wp-json\/wp\/v2\/users\/1"}],"replies":[{"embeddable":true,"href":"https:\/\/fonds-mss.fr\/index.php\/wp-json\/wp\/v2\/comments?post=15"}],"version-history":[{"count":116,"href":"https:\/\/fonds-mss.fr\/index.php\/wp-json\/wp\/v2\/pages\/15\/revisions"}],"predecessor-version":[{"id":2759,"href":"https:\/\/fonds-mss.fr\/index.php\/wp-json\/wp\/v2\/pages\/15\/revisions\/2759"}],"wp:attachment":[{"href":"https:\/\/fonds-mss.fr\/index.php\/wp-json\/wp\/v2\/media?parent=15"}],"curies":[{"name":"wp","href":"https:\/\/api.w.org\/{rel}","templated":true}]}}